{"id":2479,"date":"2024-03-17T21:39:20","date_gmt":"2024-03-17T20:39:20","guid":{"rendered":"https:\/\/semflex.pl\/?page_id=2479"},"modified":"2024-03-29T12:29:12","modified_gmt":"2024-03-29T11:29:12","slug":"cennik","status":"publish","type":"page","link":"https:\/\/semflex.pl\/?page_id=2479","title":{"rendered":"Cennik"},"content":{"rendered":"\n<p>Konsultacje z zakresu analizy stron, strategii reklamowych: pozycjonowanie, Google Ads, Facebook Ads, analizy rynku i konkurencji:<\/p>\n\n\n\n<p>1h konsultacji &#8211; 200z\u0142 netto<\/p>\n\n\n\n<p>Pozycjonowanie lokalne np. Krak\u00f3w i okolice<\/p>\n\n\n\n<ul>\n<li>ma\u0142o konkurencyjne bran\u017ce &#8211; od 1000z\u0142 netto<\/li>\n\n\n\n<li>\u015brednia konkurencja &#8211; od 1500z\u0142 netto<\/li>\n\n\n\n<li>wysoka konkurencja &#8211; od 2000z\u0142 netto<\/li>\n<\/ul>\n\n\n\n<p>Pozycjonowanie &#8211; Polska<\/p>\n\n\n\n<ul>\n<li>od 2500z\u0142 netto <\/li>\n<\/ul>\n\n\n\n<p>Reklama Google Ads<\/p>\n\n\n\n<ul>\n<li>prowadzenie podstawowych kampanii od 600z\u0142 netto &#8211; zalecany bud\u017cet minimum 1500z\u0142 <\/li>\n\n\n\n<li>prowadzenie zaawansowanych kampanii od 1200z\u0142 netto &#8211; zalecany bud\u017cet minimum 4000z\u0142<\/li>\n<\/ul>\n\n\n\n<p>Prowadzenie profili SocialMedia:<\/p>\n\n\n\n<ul>\n<li>strategia marketingowa<\/li>\n\n\n\n<li>harmonogram wpis\u00f3w min. 4 wpisy\/4 rolki<\/li>\n\n\n\n<li>obs\u0142uga podstawowych reklam<\/li>\n<\/ul>\n\n\n\n<p>Cena zale\u017cna od bran\u017cy, posiadanych tre\u015bci, trudno\u015bci przygotowania materia\u0142\u00f3w video pod rolki\/wpisy &#8211; od 2000z\u0142 netto w g\u00f3r\u0119 \/mc<\/p>\n\n\n\n<p>Strony internetowe &#8211; CMS WordPress:<\/p>\n\n\n\n<ul>\n<li>wdro\u017cenie gotowego szablonu<\/li>\n\n\n\n<li>przygotowanie analizy s\u0142\u00f3w kluczowych pod optymalizacj\u0119 serwisu<\/li>\n\n\n\n<li>konstrukcja tre\u015bci podstron na bazie s\u0142\u00f3w kluczowych<\/li>\n\n\n\n<li>strona zoptymalizowana pod pozycjonowanie i Google Ads<\/li>\n\n\n\n<li>zaimplementowane us\u0142ugi Google : Ads, Search Console, Tag Manager, Analytics<\/li>\n\n\n\n<li>pomoc w zakupie domeny, ustawieniu serwera<\/li>\n\n\n\n<li>konsultacje w sprawie strategii marketingowej 3h<\/li>\n<\/ul>\n\n\n\n<p>Podstawowe strony do 5 podstron us\u0142ugowych + podstawowe strony onas\/galeria\/kontakt\/portfolio &#8211; cena od 5000z\u0142 netto<\/p>\n\n\n\n<p>Cennik nie stanowi oferty w rozumieniu kodeksu<\/p>\n\n\n\n<p><\/p>\n\n\n\n<p><\/p>\n\n\n\n<p><\/p>\n","protected":false},"excerpt":{"rendered":"<p>Konsultacje z zakresu analizy stron, strategii reklamowych: pozycjonowanie, Google Ads, Facebook Ads, analizy rynku i konkurencji: 1h konsultacji &#8211; 200z\u0142 netto Pozycjonowanie lokalne np. Krak\u00f3w i okolice Pozycjonowanie &#8211; Polska Reklama Google Ads Prowadzenie profili SocialMedia: Cena zale\u017cna od bran\u017cy, posiadanych tre\u015bci, trudno\u015bci przygotowania materia\u0142\u00f3w video pod rolki\/wpisy &#8211; od 2000z\u0142 netto w g\u00f3r\u0119 \/mc [&hellip;]<\/p>\n","protected":false},"author":1,"featured_media":0,"parent":0,"menu_order":0,"comment_status":"closed","ping_status":"closed","template":"","meta":{"footnotes":""},"yoast_head":"<!-- This site is optimized with the Yoast SEO plugin v22.2 - https:\/\/yoast.com\/wordpress\/plugins\/seo\/ -->\n<title>Cennik - SEMFLEX<\/title>\n<meta name=\"robots\" content=\"index, follow, max-snippet:-1, max-image-preview:large, max-video-preview:-1\" \/>\n<link rel=\"canonical\" href=\"https:\/\/semflex.pl\/?page_id=2479\" \/>\n<meta property=\"og:locale\" content=\"pl_PL\" \/>\n<meta property=\"og:type\" content=\"article\" \/>\n<meta property=\"og:title\" content=\"Cennik - SEMFLEX\" \/>\n<meta property=\"og:description\" content=\"Konsultacje z zakresu analizy stron, strategii reklamowych: pozycjonowanie, Google Ads, Facebook Ads, analizy rynku i konkurencji: 1h konsultacji &#8211; 200z\u0142 netto Pozycjonowanie lokalne np. Krak\u00f3w i okolice Pozycjonowanie &#8211; Polska Reklama Google Ads Prowadzenie profili SocialMedia: Cena zale\u017cna od bran\u017cy, posiadanych tre\u015bci, trudno\u015bci przygotowania materia\u0142\u00f3w video pod rolki\/wpisy &#8211; od 2000z\u0142 netto w g\u00f3r\u0119 \/mc [&hellip;]\" \/>\n<meta property=\"og:url\" content=\"https:\/\/semflex.pl\/?page_id=2479\" \/>\n<meta property=\"og:site_name\" content=\"SEMFLEX\" \/>\n<meta property=\"article:modified_time\" content=\"2024-03-29T11:29:12+00:00\" \/>\n<meta name=\"twitter:card\" content=\"summary_large_image\" \/>\n<meta name=\"twitter:label1\" content=\"Szacowany czas czytania\" \/>\n\t<meta name=\"twitter:data1\" content=\"2 minuty\" \/>\n<script type=\"application\/ld+json\" class=\"yoast-schema-graph\">{\"@context\":\"https:\/\/schema.org\",\"@graph\":[{\"@type\":\"WebPage\",\"@id\":\"https:\/\/semflex.pl\/?page_id=2479\",\"url\":\"https:\/\/semflex.pl\/?page_id=2479\",\"name\":\"Cennik - SEMFLEX\",\"isPartOf\":{\"@id\":\"https:\/\/semflex.pl\/#website\"},\"datePublished\":\"2024-03-17T20:39:20+00:00\",\"dateModified\":\"2024-03-29T11:29:12+00:00\",\"breadcrumb\":{\"@id\":\"https:\/\/semflex.pl\/?page_id=2479#breadcrumb\"},\"inLanguage\":\"pl-PL\",\"potentialAction\":[{\"@type\":\"ReadAction\",\"target\":[\"https:\/\/semflex.pl\/?page_id=2479\"]}]},{\"@type\":\"BreadcrumbList\",\"@id\":\"https:\/\/semflex.pl\/?page_id=2479#breadcrumb\",\"itemListElement\":[{\"@type\":\"ListItem\",\"position\":1,\"name\":\"Pozycjonowanie\",\"item\":\"https:\/\/semflex.pl\/\"},{\"@type\":\"ListItem\",\"position\":2,\"name\":\"Cennik\"}]},{\"@type\":\"WebSite\",\"@id\":\"https:\/\/semflex.pl\/#website\",\"url\":\"https:\/\/semflex.pl\/\",\"name\":\"SEMFLEX\",\"description\":\"Pozycjonowanie stron Krak\u00f3w\",\"potentialAction\":[{\"@type\":\"SearchAction\",\"target\":{\"@type\":\"EntryPoint\",\"urlTemplate\":\"https:\/\/semflex.pl\/?s={search_term_string}\"},\"query-input\":\"required name=search_term_string\"}],\"inLanguage\":\"pl-PL\"}]}<\/script>\n<!-- \/ Yoast SEO plugin. -->","yoast_head_json":{"title":"Cennik - SEMFLEX","robots":{"index":"index","follow":"follow","max-snippet":"max-snippet:-1","max-image-preview":"max-image-preview:large","max-video-preview":"max-video-preview:-1"},"canonical":"https:\/\/semflex.pl\/?page_id=2479","og_locale":"pl_PL","og_type":"article","og_title":"Cennik - SEMFLEX","og_description":"Konsultacje z zakresu analizy stron, strategii reklamowych: pozycjonowanie, Google Ads, Facebook Ads, analizy rynku i konkurencji: 1h konsultacji &#8211; 200z\u0142 netto Pozycjonowanie lokalne np. Krak\u00f3w i okolice Pozycjonowanie &#8211; Polska Reklama Google Ads Prowadzenie profili SocialMedia: Cena zale\u017cna od bran\u017cy, posiadanych tre\u015bci, trudno\u015bci przygotowania materia\u0142\u00f3w video pod rolki\/wpisy &#8211; od 2000z\u0142 netto w g\u00f3r\u0119 \/mc [&hellip;]","og_url":"https:\/\/semflex.pl\/?page_id=2479","og_site_name":"SEMFLEX","article_modified_time":"2024-03-29T11:29:12+00:00","twitter_card":"summary_large_image","twitter_misc":{"Szacowany czas czytania":"2 minuty"},"schema":{"@context":"https:\/\/schema.org","@graph":[{"@type":"WebPage","@id":"https:\/\/semflex.pl\/?page_id=2479","url":"https:\/\/semflex.pl\/?page_id=2479","name":"Cennik - SEMFLEX","isPartOf":{"@id":"https:\/\/semflex.pl\/#website"},"datePublished":"2024-03-17T20:39:20+00:00","dateModified":"2024-03-29T11:29:12+00:00","breadcrumb":{"@id":"https:\/\/semflex.pl\/?page_id=2479#breadcrumb"},"inLanguage":"pl-PL","potentialAction":[{"@type":"ReadAction","target":["https:\/\/semflex.pl\/?page_id=2479"]}]},{"@type":"BreadcrumbList","@id":"https:\/\/semflex.pl\/?page_id=2479#breadcrumb","itemListElement":[{"@type":"ListItem","position":1,"name":"Pozycjonowanie","item":"https:\/\/semflex.pl\/"},{"@type":"ListItem","position":2,"name":"Cennik"}]},{"@type":"WebSite","@id":"https:\/\/semflex.pl\/#website","url":"https:\/\/semflex.pl\/","name":"SEMFLEX","description":"Pozycjonowanie stron Krak\u00f3w","potentialAction":[{"@type":"SearchAction","target":{"@type":"EntryPoint","urlTemplate":"https:\/\/semflex.pl\/?s={search_term_string}"},"query-input":"required name=search_term_string"}],"inLanguage":"pl-PL"}]}},"_links":{"self":[{"href":"https:\/\/semflex.pl\/index.php?rest_route=\/wp\/v2\/pages\/2479"}],"collection":[{"href":"https:\/\/semflex.pl\/index.php?rest_route=\/wp\/v2\/pages"}],"about":[{"href":"https:\/\/semflex.pl\/index.php?rest_route=\/wp\/v2\/types\/page"}],"author":[{"embeddable":true,"href":"https:\/\/semflex.pl\/index.php?rest_route=\/wp\/v2\/users\/1"}],"replies":[{"embeddable":true,"href":"https:\/\/semflex.pl\/index.php?rest_route=%2Fwp%2Fv2%2Fcomments&post=2479"}],"version-history":[{"count":3,"href":"https:\/\/semflex.pl\/index.php?rest_route=\/wp\/v2\/pages\/2479\/revisions"}],"predecessor-version":[{"id":2483,"href":"https:\/\/semflex.pl\/index.php?rest_route=\/wp\/v2\/pages\/2479\/revisions\/2483"}],"wp:attachment":[{"href":"https:\/\/semflex.pl\/index.php?rest_route=%2Fwp%2Fv2%2Fmedia&parent=2479"}],"curies":[{"name":"wp","href":"https:\/\/api.w.org\/{rel}","templated":true}]}}